{"id":491,"date":"2024-08-08T07:01:30","date_gmt":"2024-08-08T07:01:30","guid":{"rendered":"https:\/\/daihai.com.vn\/?page_id=491"},"modified":"2024-08-08T07:06:42","modified_gmt":"2024-08-08T07:06:42","slug":"lap-dat-2","status":"publish","type":"page","link":"https:\/\/daihai.com.vn\/?page_id=491","title":{"rendered":"Cung c\u1ea5p thi\u1ebft b\u1ecb"},"content":{"rendered":"\n<p><strong>Ch\u00fang t\u00f4i chuy\u00ean cung c\u1ea5p thi\u1ebft b\u1ecb ph\u00f2ng ch\u00e1y ch\u1eefa ch\u00e1y \u0111\u00e1p \u1ee9ng t\u1ea5t c\u1ea3 c\u00e1c ti\u00eau chu\u1ea9n v\u00e0 ch\u1ee9ng nh\u1eadn hi\u1ec7n h\u00e0nh. \u0110\u1ea3m b\u1ea3o ch\u1ea5t l\u01b0\u1ee3ng v\u00e0 an to\u00e0n, s\u1ea3n ph\u1ea9m c\u1ee7a ch\u00fang t\u00f4i \u0111\u00e1p \u1ee9ng c\u00e1c y\u00eau c\u1ea7u nghi\u00eam ng\u1eb7t nh\u1ea5t, mang l\u1ea1i s\u1ef1 y\u00ean t\u00e2m tuy\u1ec7t \u0111\u1ed1i cho kh\u00e1ch h\u00e0ng.<\/strong><\/p>\n\n\n\n<figure class=\"wp-block-image size-full\"><img loading=\"lazy\" decoding=\"async\" width=\"1024\" height=\"1024\" src=\"https:\/\/daihai.com.vn\/wp-content\/uploads\/2024\/08\/cung-cap.webp\" alt=\"\" class=\"wp-image-496\" srcset=\"https:\/\/daihai.com.vn\/wp-content\/uploads\/2024\/08\/cung-cap.webp 1024w, https:\/\/daihai.com.vn\/wp-content\/uploads\/2024\/08\/cung-cap-300x300.webp 300w, https:\/\/daihai.com.vn\/wp-content\/uploads\/2024\/08\/cung-cap-150x150.webp 150w, https:\/\/daihai.com.vn\/wp-content\/uploads\/2024\/08\/cung-cap-768x768.webp 768w, https:\/\/daihai.com.vn\/wp-content\/uploads\/2024\/08\/cung-cap-600x600.webp 600w, https:\/\/daihai.com.vn\/wp-content\/uploads\/2024\/08\/cung-cap-160x160.webp 160w\" sizes=\"auto, (max-width: 1024px) 100vw, 1024px\" \/><\/figure>\n\n\n\n<p>Trong l\u0129nh v\u1ef1c ph\u00f2ng ch\u00e1y ch\u1eefa ch\u00e1y, vi\u1ec7c \u0111\u1ea3m b\u1ea3o an to\u00e0n v\u00e0 ch\u1ea5t l\u01b0\u1ee3ng s\u1ea3n ph\u1ea9m l\u00e0 y\u1ebfu t\u1ed1 quan tr\u1ecdng h\u00e0ng \u0111\u1ea7u. Ch\u00fang t\u00f4i t\u1ef1 h\u00e0o l\u00e0 \u0111\u01a1n v\u1ecb h\u00e0ng \u0111\u1ea7u trong vi\u1ec7c cung c\u1ea5p thi\u1ebft b\u1ecb ph\u00f2ng ch\u00e1y ch\u1eefa ch\u00e1y \u0111\u1ea1t chu\u1ea9n v\u00e0 \u0111\u01b0\u1ee3c ch\u1ee9ng nh\u1eadn b\u1edfi c\u00e1c c\u01a1 quan c\u00f3 th\u1ea9m quy\u1ec1n. V\u1edbi m\u1ee5c ti\u00eau mang \u0111\u1ebfn s\u1ef1 an to\u00e0n t\u1ed1i \u0111a cho kh\u00e1ch h\u00e0ng, ch\u00fang t\u00f4i lu\u00f4n n\u1ed7 l\u1ef1c kh\u00f4ng ng\u1eebng \u0111\u1ec3 c\u1ea3i thi\u1ec7n v\u00e0 n\u00e2ng cao ch\u1ea5t l\u01b0\u1ee3ng s\u1ea3n ph\u1ea9m.<\/p>\n\n\n\n<p><strong>Ti\u00eau chu\u1ea9n v\u00e0 ch\u1ee9ng nh\u1eadn:<\/strong><br>S\u1ea3n ph\u1ea9m ph\u00f2ng ch\u00e1y ch\u1eefa ch\u00e1y c\u1ee7a ch\u00fang t\u00f4i \u0111\u00e1p \u1ee9ng t\u1ea5t c\u1ea3 c\u00e1c ti\u00eau chu\u1ea9n qu\u1ed1c gia v\u00e0 qu\u1ed1c t\u1ebf hi\u1ec7n h\u00e0nh. \u0110i\u1ec1u n\u00e0y bao g\u1ed3m c\u00e1c ti\u00eau chu\u1ea9n v\u1ec1 ch\u1ea5t l\u01b0\u1ee3ng, an to\u00e0n, v\u00e0 hi\u1ec7u qu\u1ea3 ho\u1ea1t \u0111\u1ed9ng. Ch\u00fang t\u00f4i h\u1ee3p t\u00e1c ch\u1eb7t ch\u1ebd v\u1edbi c\u00e1c c\u01a1 quan ki\u1ec3m \u0111\u1ecbnh v\u00e0 ch\u1ee9ng nh\u1eadn uy t\u00edn \u0111\u1ec3 \u0111\u1ea3m b\u1ea3o r\u1eb1ng s\u1ea3n ph\u1ea9m c\u1ee7a ch\u00fang t\u00f4i kh\u00f4ng ch\u1ec9 \u0111\u1ea1t m\u00e0 c\u00f2n v\u01b0\u1ee3t qua c\u00e1c y\u00eau c\u1ea7u kh\u1eaft khe nh\u1ea5t. C\u00e1c thi\u1ebft b\u1ecb ph\u00f2ng ch\u00e1y ch\u1eefa ch\u00e1y c\u1ee7a ch\u00fang t\u00f4i \u0111\u01b0\u1ee3c ki\u1ec3m \u0111\u1ecbnh v\u00e0 c\u1ea5p ch\u1ee9ng nh\u1eadn b\u1edfi c\u00e1c t\u1ed5 ch\u1ee9c c\u00f3 uy t\u00edn nh\u01b0 UL, FM, CE, v\u00e0 ISO.<\/p>\n\n\n\n<p><strong>\u0110\u1ea3m b\u1ea3o ch\u1ea5t l\u01b0\u1ee3ng:<\/strong><br>Ch\u1ea5t l\u01b0\u1ee3ng l\u00e0 cam k\u1ebft h\u00e0ng \u0111\u1ea7u c\u1ee7a ch\u00fang t\u00f4i \u0111\u1ed1i v\u1edbi kh\u00e1ch h\u00e0ng. T\u1ea5t c\u1ea3 s\u1ea3n ph\u1ea9m c\u1ee7a ch\u00fang t\u00f4i \u0111\u1ec1u \u0111\u01b0\u1ee3c s\u1ea3n xu\u1ea5t t\u1eeb nh\u1eefng nguy\u00ean v\u1eadt li\u1ec7u t\u1ed1t nh\u1ea5t, \u0111\u1ea3m b\u1ea3o \u0111\u1ed9 b\u1ec1n v\u00e0 kh\u1ea3 n\u0103ng ch\u1ecbu \u0111\u1ef1ng trong m\u1ecdi \u0111i\u1ec1u ki\u1ec7n kh\u1eafc nghi\u1ec7t. Quy tr\u00ecnh s\u1ea3n xu\u1ea5t c\u1ee7a ch\u00fang t\u00f4i tu\u00e2n th\u1ee7 c\u00e1c ti\u00eau chu\u1ea9n nghi\u00eam ng\u1eb7t v\u1ec1 ki\u1ec3m so\u00e1t ch\u1ea5t l\u01b0\u1ee3ng, t\u1eeb kh\u00e2u thi\u1ebft k\u1ebf, s\u1ea3n xu\u1ea5t \u0111\u1ebfn khi s\u1ea3n ph\u1ea9m \u0111\u01b0\u1ee3c ho\u00e0n thi\u1ec7n. Ch\u00fang t\u00f4i c\u00f3 \u0111\u1ed9i ng\u0169 k\u1ef9 s\u01b0 v\u00e0 chuy\u00ean gia k\u1ef9 thu\u1eadt gi\u1ecfi, lu\u00f4n s\u1eb5n s\u00e0ng h\u1ed7 tr\u1ee3 kh\u00e1ch h\u00e0ng trong vi\u1ec7c l\u1eafp \u0111\u1eb7t v\u00e0 b\u1ea3o tr\u00ec thi\u1ebft b\u1ecb.<\/p>\n\n\n\n<p><strong>\u0110\u1ea3m b\u1ea3o an to\u00e0n:<\/strong><br>An to\u00e0n l\u00e0 y\u1ebfu t\u1ed1 c\u1ed1t l\u00f5i trong m\u1ecdi s\u1ea3n ph\u1ea9m c\u1ee7a ch\u00fang t\u00f4i. C\u00e1c thi\u1ebft b\u1ecb ph\u00f2ng ch\u00e1y ch\u1eefa ch\u00e1y c\u1ee7a ch\u00fang t\u00f4i \u0111\u01b0\u1ee3c thi\u1ebft k\u1ebf \u0111\u1ec3 ho\u1ea1t \u0111\u1ed9ng hi\u1ec7u qu\u1ea3 trong m\u1ecdi t\u00ecnh hu\u1ed1ng kh\u1ea9n c\u1ea5p, gi\u00fap b\u1ea3o v\u1ec7 t\u00ednh m\u1ea1ng v\u00e0 t\u00e0i s\u1ea3n c\u1ee7a kh\u00e1ch h\u00e0ng. Ch\u00fang t\u00f4i cung c\u1ea5p c\u00e1c gi\u1ea3i ph\u00e1p to\u00e0n di\u1ec7n bao g\u1ed3m h\u1ec7 th\u1ed1ng b\u00e1o ch\u00e1y, h\u1ec7 th\u1ed1ng ch\u1eefa ch\u00e1y t\u1ef1 \u0111\u1ed9ng, b\u00ecnh ch\u1eefa ch\u00e1y, v\u00e0 nhi\u1ec1u lo\u1ea1i thi\u1ebft b\u1ecb kh\u00e1c. M\u1ed7i s\u1ea3n ph\u1ea9m \u0111\u1ec1u \u0111\u01b0\u1ee3c ki\u1ec3m tra k\u1ef9 l\u01b0\u1ee1ng tr\u01b0\u1edbc khi xu\u1ea5t x\u01b0\u1edfng \u0111\u1ec3 \u0111\u1ea3m b\u1ea3o kh\u1ea3 n\u0103ng ho\u1ea1t \u0111\u1ed9ng t\u1ed1t nh\u1ea5t khi c\u1ea7n thi\u1ebft.<\/p>\n\n\n\n<p><strong>S\u1ef1 y\u00ean t\u00e2m tuy\u1ec7t \u0111\u1ed1i:<\/strong><br>Ch\u00fang t\u00f4i hi\u1ec3u r\u1eb1ng s\u1ef1 y\u00ean t\u00e2m c\u1ee7a kh\u00e1ch h\u00e0ng l\u00e0 \u0111i\u1ec1u quan tr\u1ecdng nh\u1ea5t. Do \u0111\u00f3, ch\u00fang t\u00f4i cam k\u1ebft cung c\u1ea5p d\u1ecbch v\u1ee5 h\u1eadu m\u00e3i t\u1ed1t nh\u1ea5t, bao g\u1ed3m h\u1ed7 tr\u1ee3 k\u1ef9 thu\u1eadt 24\/7, b\u1ea3o tr\u00ec \u0111\u1ecbnh k\u1ef3 v\u00e0 d\u1ecbch v\u1ee5 s\u1eeda ch\u1eefa nhanh ch\u00f3ng. \u0110\u1ed9i ng\u0169 ch\u0103m s\u00f3c kh\u00e1ch h\u00e0ng c\u1ee7a ch\u00fang t\u00f4i lu\u00f4n s\u1eb5n s\u00e0ng l\u1eafng nghe v\u00e0 gi\u1ea3i quy\u1ebft m\u1ecdi th\u1eafc m\u1eafc c\u1ee7a kh\u00e1ch h\u00e0ng, \u0111\u1ea3m b\u1ea3o r\u1eb1ng h\u1ecd lu\u00f4n c\u1ea3m th\u1ea5y an t\u00e2m v\u00e0 h\u00e0i l\u00f2ng v\u1edbi s\u1ea3n ph\u1ea9m v\u00e0 d\u1ecbch v\u1ee5 c\u1ee7a ch\u00fang t\u00f4i.<\/p>\n\n\n\n<p><strong>K\u1ebft lu\u1eadn:<\/strong><br>Ch\u00fang t\u00f4i t\u1ef1 h\u00e0o l\u00e0 \u0111\u1ed1i t\u00e1c tin c\u1eady trong l\u0129nh v\u1ef1c cung c\u1ea5p thi\u1ebft b\u1ecb ph\u00f2ng ch\u00e1y ch\u1eefa ch\u00e1y, lu\u00f4n \u0111\u1eb7t ch\u1ea5t l\u01b0\u1ee3ng v\u00e0 an to\u00e0n l\u00ean h\u00e0ng \u0111\u1ea7u. V\u1edbi c\u00e1c s\u1ea3n ph\u1ea9m \u0111\u1ea1t chu\u1ea9n v\u00e0 \u0111\u01b0\u1ee3c ch\u1ee9ng nh\u1eadn, c\u00f9ng v\u1edbi cam k\u1ebft v\u1ec1 ch\u1ea5t l\u01b0\u1ee3ng v\u00e0 d\u1ecbch v\u1ee5, ch\u00fang t\u00f4i tin r\u1eb1ng s\u1ebd mang l\u1ea1i s\u1ef1 y\u00ean t\u00e2m tuy\u1ec7t \u0111\u1ed1i cho kh\u00e1ch h\u00e0ng. H\u00e3y \u0111\u1ec3 ch\u00fang t\u00f4i \u0111\u1ed3ng h\u00e0nh c\u00f9ng b\u1ea1n trong vi\u1ec7c b\u1ea3o v\u1ec7 an to\u00e0n t\u00ednh m\u1ea1ng v\u00e0 t\u00e0i s\u1ea3n tr\u01b0\u1edbc nguy c\u01a1 ch\u00e1y n\u1ed5.<\/p>\n","protected":false},"excerpt":{"rendered":"<p>Ch\u00fang t\u00f4i chuy\u00ean cung c\u1ea5p thi\u1ebft b\u1ecb ph\u00f2ng ch\u00e1y ch\u1eefa ch\u00e1y \u0111\u00e1p \u1ee9ng t\u1ea5t c\u1ea3 c\u00e1c ti\u00eau chu\u1ea9n v\u00e0 ch\u1ee9ng nh\u1eadn hi\u1ec7n h\u00e0nh. \u0110\u1ea3m b\u1ea3o ch\u1ea5t l\u01b0\u1ee3ng v\u00e0 an to\u00e0n, s\u1ea3n ph\u1ea9m c\u1ee7a ch\u00fang t\u00f4i \u0111\u00e1p \u1ee9ng c\u00e1c y\u00eau c\u1ea7u nghi\u00eam ng\u1eb7t nh\u1ea5t, mang l\u1ea1i s\u1ef1 y\u00ean t\u00e2m tuy\u1ec7t \u0111\u1ed1i [&hellip;]<\/p>\n","protected":false},"author":1,"featured_media":0,"parent":0,"menu_order":0,"comment_status":"closed","ping_status":"closed","template":"","meta":{"footnotes":""},"class_list":["post-491","page","type-page","status-publish","hentry"],"jetpack_sharing_enabled":true,"_links":{"self":[{"href":"https:\/\/daihai.com.vn\/index.php?rest_route=\/wp\/v2\/pages\/491","targetHints":{"allow":["GET"]}}],"collection":[{"href":"https:\/\/daihai.com.vn\/index.php?rest_route=\/wp\/v2\/pages"}],"about":[{"href":"https:\/\/daihai.com.vn\/index.php?rest_route=\/wp\/v2\/types\/page"}],"author":[{"embeddable":true,"href":"https:\/\/daihai.com.vn\/index.php?rest_route=\/wp\/v2\/users\/1"}],"replies":[{"embeddable":true,"href":"https:\/\/daihai.com.vn\/index.php?rest_route=%2Fwp%2Fv2%2Fcomments&post=491"}],"version-history":[{"count":3,"href":"https:\/\/daihai.com.vn\/index.php?rest_route=\/wp\/v2\/pages\/491\/revisions"}],"predecessor-version":[{"id":497,"href":"https:\/\/daihai.com.vn\/index.php?rest_route=\/wp\/v2\/pages\/491\/revisions\/497"}],"wp:attachment":[{"href":"https:\/\/daihai.com.vn\/index.php?rest_route=%2Fwp%2Fv2%2Fmedia&parent=491"}],"curies":[{"name":"wp","href":"https:\/\/api.w.org\/{rel}","templated":true}]}}