{"id":472,"date":"2024-08-06T14:47:09","date_gmt":"2024-08-06T14:47:09","guid":{"rendered":"https:\/\/daihai.com.vn\/?page_id=472"},"modified":"2025-03-27T02:59:18","modified_gmt":"2025-03-27T02:59:18","slug":"lap-dat","status":"publish","type":"page","link":"https:\/\/daihai.com.vn\/?page_id=472","title":{"rendered":"Thi c\u00f4ng"},"content":{"rendered":"\n<h3 class=\"wp-block-heading\">Cam K\u1ebft \u0110\u1ea3m B\u1ea3o Ti\u1ebfn \u0110\u1ed9 v\u00e0 Ch\u1ea5t L\u01b0\u1ee3ng D\u1ef1 \u00c1n<\/h3>\n\n\n\n<p>Trong l\u0129nh v\u1ef1c ph\u00f2ng ch\u00e1y ch\u1eefa ch\u00e1y, \u0111\u1ea3m b\u1ea3o ti\u1ebfn \u0111\u1ed9 v\u00e0 ch\u1ea5t l\u01b0\u1ee3ng d\u1ef1 \u00e1n l\u00e0 ti\u00eau ch\u00ed h\u00e0ng \u0111\u1ea7u c\u1ee7a C\u00f4ng ty C\u1ed5 ph\u1ea7n C\u00f4ng ngh\u1ec7 \u0110\u1ea1i H\u1ea3i. Ch\u00fang t\u00f4i hi\u1ec3u r\u1eb1ng, s\u1ef1 ch\u1eadm tr\u1ec5 v\u00e0 thi\u1ebfu s\u00f3t trong c\u00f4ng t\u00e1c ph\u00f2ng ch\u00e1y ch\u1eefa ch\u00e1y kh\u00f4ng ch\u1ec9 \u1ea3nh h\u01b0\u1edfng \u0111\u1ebfn ti\u1ebfn \u0111\u1ed9 c\u00f4ng tr\u00ecnh m\u00e0 c\u00f2n ti\u1ec1m \u1ea9n nhi\u1ec1u r\u1ee7i ro v\u1ec1 an to\u00e0n. Ch\u00ednh v\u00ec v\u1eady, \u0110\u1ea1i H\u1ea3i lu\u00f4n cam k\u1ebft ho\u00e0n th\u00e0nh c\u00e1c d\u1ef1 \u00e1n \u0111\u00fang h\u1ea1n v\u00e0 \u0111\u1ea3m b\u1ea3o ch\u1ea5t l\u01b0\u1ee3ng cao nh\u1ea5t.<\/p>\n\n\n\n<figure class=\"wp-block-image size-full\"><img loading=\"lazy\" decoding=\"async\" width=\"1024\" height=\"1024\" src=\"https:\/\/daihai.com.vn\/wp-content\/uploads\/2024\/08\/anh-1.webp\" alt=\"\" class=\"wp-image-474\" srcset=\"https:\/\/daihai.com.vn\/wp-content\/uploads\/2024\/08\/anh-1.webp 1024w, https:\/\/daihai.com.vn\/wp-content\/uploads\/2024\/08\/anh-1-300x300.webp 300w, https:\/\/daihai.com.vn\/wp-content\/uploads\/2024\/08\/anh-1-150x150.webp 150w, https:\/\/daihai.com.vn\/wp-content\/uploads\/2024\/08\/anh-1-768x768.webp 768w, https:\/\/daihai.com.vn\/wp-content\/uploads\/2024\/08\/anh-1-600x600.webp 600w, https:\/\/daihai.com.vn\/wp-content\/uploads\/2024\/08\/anh-1-160x160.webp 160w\" sizes=\"auto, (max-width: 1024px) 100vw, 1024px\" \/><\/figure>\n\n\n\n<h4 class=\"wp-block-heading\">\u0110\u1ed9i Ng\u0169 Chuy\u00ean Nghi\u1ec7p v\u00e0 Kinh Nghi\u1ec7m<\/h4>\n\n\n\n<p>\u0110\u1ed9i ng\u0169 c\u1ee7a \u0110\u1ea1i H\u1ea3i bao g\u1ed3m c\u00e1c k\u1ef9 s\u01b0 v\u00e0 chuy\u00ean gia c\u00f3 tr\u00ecnh \u0111\u1ed9 cao, \u0111\u01b0\u1ee3c \u0111\u00e0o t\u1ea1o b\u00e0i b\u1ea3n v\u00e0 c\u00f3 nhi\u1ec1u n\u0103m kinh nghi\u1ec7m trong l\u0129nh v\u1ef1c ph\u00f2ng ch\u00e1y ch\u1eefa ch\u00e1y. H\u1ecd kh\u00f4ng ch\u1ec9 n\u1eafm v\u1eefng ki\u1ebfn th\u1ee9c chuy\u00ean m\u00f4n m\u00e0 c\u00f2n c\u00f3 k\u1ef9 n\u0103ng th\u1ef1c ti\u1ec5n v\u1eefng ch\u1eafc, s\u1eb5n s\u00e0ng \u0111\u1ed1i m\u1eb7t v\u1edbi m\u1ecdi th\u00e1ch th\u1ee9c v\u00e0 y\u00eau c\u1ea7u kh\u1eaft khe t\u1eeb kh\u00e1ch h\u00e0ng.<\/p>\n\n\n\n<p>Nh\u00f3m c\u1ed1 v\u1ea5n k\u1ef9 thu\u1eadt cao c\u1ea5p c\u1ee7a ch\u00fang t\u00f4i, bao g\u1ed3m nh\u1eefng chuy\u00ean gia h\u00e0ng \u0111\u1ea7u c\u00f3 tr\u00ecnh \u0111\u1ed9 qu\u1ed1c t\u1ebf, \u0111\u00f3ng vai tr\u00f2 quan tr\u1ecdng trong vi\u1ec7c \u0111\u1ecbnh h\u01b0\u1edbng v\u00e0 gi\u00e1m s\u00e1t qu\u00e1 tr\u00ecnh tri\u1ec3n khai c\u00e1c d\u1ef1 \u00e1n. H\u1ecd \u0111\u1ea3m b\u1ea3o r\u1eb1ng m\u1ecdi c\u00f4ng \u0111o\u1ea1n t\u1eeb thi\u1ebft k\u1ebf, thi c\u00f4ng \u0111\u1ebfn v\u1eadn h\u00e0nh \u0111\u1ec1u di\u1ec5n ra su\u00f4n s\u1ebb v\u00e0 \u0111\u1ea1t hi\u1ec7u qu\u1ea3 t\u1ed1i \u01b0u.<\/p>\n\n\n\n<h4 class=\"wp-block-heading\">Quy Tr\u00ecnh Qu\u1ea3n L\u00fd Ch\u1eb7t Ch\u1ebd<\/h4>\n\n\n\n<p>\u0110\u1ea1i H\u1ea3i \u00e1p d\u1ee5ng c\u00e1c quy tr\u00ecnh qu\u1ea3n l\u00fd d\u1ef1 \u00e1n ch\u1eb7t ch\u1ebd v\u00e0 khoa h\u1ecdc, t\u1eeb kh\u00e2u l\u1eadp k\u1ebf ho\u1ea1ch, tri\u1ec3n khai \u0111\u1ebfn gi\u00e1m s\u00e1t v\u00e0 ki\u1ec3m tra. Ch\u00fang t\u00f4i s\u1eed d\u1ee5ng c\u00e1c c\u00f4ng c\u1ee5 qu\u1ea3n l\u00fd hi\u1ec7n \u0111\u1ea1i v\u00e0 ph\u01b0\u01a1ng ph\u00e1p qu\u1ea3n l\u00fd ti\u00ean ti\u1ebfn \u0111\u1ec3 theo d\u00f5i ti\u1ebfn \u0111\u1ed9 v\u00e0 ch\u1ea5t l\u01b0\u1ee3ng c\u00f4ng vi\u1ec7c, \u0111\u1ea3m b\u1ea3o m\u1ecdi h\u1ea1ng m\u1ee5c \u0111\u1ec1u \u0111\u01b0\u1ee3c th\u1ef1c hi\u1ec7n \u0111\u00fang ti\u1ebfn \u0111\u1ed9 v\u00e0 \u0111\u1ea1t ti\u00eau chu\u1ea9n cao nh\u1ea5t.<\/p>\n\n\n\n<ol class=\"wp-block-list\">\n<li><strong>L\u1eadp K\u1ebf Ho\u1ea1ch Chi Ti\u1ebft:<\/strong><\/li>\n<\/ol>\n\n\n\n<ul class=\"wp-block-list\">\n<li>Tr\u01b0\u1edbc khi b\u1eaft \u0111\u1ea7u b\u1ea5t k\u1ef3 d\u1ef1 \u00e1n n\u00e0o, ch\u00fang t\u00f4i lu\u00f4n l\u1eadp k\u1ebf ho\u1ea1ch chi ti\u1ebft, bao g\u1ed3m th\u1eddi gian, ngu\u1ed3n l\u1ef1c v\u00e0 c\u00e1c y\u00eau c\u1ea7u k\u1ef9 thu\u1eadt. K\u1ebf ho\u1ea1ch n\u00e0y \u0111\u01b0\u1ee3c x\u00e2y d\u1ef1ng d\u1ef1a tr\u00ean c\u00e1c nghi\u00ean c\u1ee9u v\u00e0 kh\u1ea3o s\u00e1t th\u1ef1c t\u1ebf, nh\u1eb1m \u0111\u1ea3m b\u1ea3o t\u00ednh kh\u1ea3 thi v\u00e0 hi\u1ec7u qu\u1ea3.<\/li>\n<\/ul>\n\n\n\n<ol class=\"wp-block-list\">\n<li><strong>Tri\u1ec3n Khai \u0110\u1ed3ng B\u1ed9 v\u00e0 Hi\u1ec7u Qu\u1ea3:<\/strong><\/li>\n<\/ol>\n\n\n\n<ul class=\"wp-block-list\">\n<li>Qu\u00e1 tr\u00ecnh tri\u1ec3n khai \u0111\u01b0\u1ee3c th\u1ef1c hi\u1ec7n b\u1edfi \u0111\u1ed9i ng\u0169 k\u1ef9 s\u01b0 v\u00e0 c\u00f4ng nh\u00e2n l\u00e0nh ngh\u1ec1, d\u01b0\u1edbi s\u1ef1 gi\u00e1m s\u00e1t ch\u1eb7t ch\u1ebd c\u1ee7a c\u00e1c chuy\u00ean gia. M\u1ecdi c\u00f4ng \u0111o\u1ea1n \u0111\u1ec1u tu\u00e2n th\u1ee7 theo k\u1ebf ho\u1ea1ch \u0111\u00e3 \u0111\u1ec1 ra v\u00e0 \u0111\u01b0\u1ee3c ki\u1ec3m tra \u0111\u1ecbnh k\u1ef3 \u0111\u1ec3 ph\u00e1t hi\u1ec7n v\u00e0 kh\u1eafc ph\u1ee5c k\u1ecbp th\u1eddi c\u00e1c v\u1ea5n \u0111\u1ec1 ph\u00e1t sinh.<\/li>\n<\/ul>\n\n\n\n<ol class=\"wp-block-list\">\n<li><strong>Ki\u1ec3m Tra v\u00e0 \u0110\u00e1nh Gi\u00e1 Li\u00ean T\u1ee5c:<\/strong><\/li>\n<\/ol>\n\n\n\n<ul class=\"wp-block-list\">\n<li>Ch\u00fang t\u00f4i th\u1ef1c hi\u1ec7n c\u00e1c cu\u1ed9c ki\u1ec3m tra v\u00e0 \u0111\u00e1nh gi\u00e1 li\u00ean t\u1ee5c trong su\u1ed1t qu\u00e1 tr\u00ecnh tri\u1ec3n khai d\u1ef1 \u00e1n. \u0110i\u1ec1u n\u00e0y gi\u00fap \u0111\u1ea3m b\u1ea3o r\u1eb1ng m\u1ecdi h\u1ea1ng m\u1ee5c \u0111\u1ec1u \u0111\u00e1p \u1ee9ng c\u00e1c ti\u00eau chu\u1ea9n an to\u00e0n v\u00e0 ch\u1ea5t l\u01b0\u1ee3ng, \u0111\u1ed3ng th\u1eddi gi\u1eef cho d\u1ef1 \u00e1n lu\u00f4n \u0111i \u0111\u00fang h\u01b0\u1edbng.<\/li>\n<\/ul>\n\n\n\n<h4 class=\"wp-block-heading\">Cam K\u1ebft Ch\u1ea5t L\u01b0\u1ee3ng<\/h4>\n\n\n\n<p>Ch\u1ea5t l\u01b0\u1ee3ng l\u00e0 y\u1ebfu t\u1ed1 then ch\u1ed1t trong m\u1ecdi ho\u1ea1t \u0111\u1ed9ng c\u1ee7a \u0110\u1ea1i H\u1ea3i. Ch\u00fang t\u00f4i cam k\u1ebft cung c\u1ea5p c\u00e1c s\u1ea3n ph\u1ea9m v\u00e0 d\u1ecbch v\u1ee5 ph\u00f2ng ch\u00e1y ch\u1eefa ch\u00e1y \u0111\u1ea1t ti\u00eau chu\u1ea9n cao nh\u1ea5t, \u0111\u1ea3m b\u1ea3o an to\u00e0n v\u00e0 hi\u1ec7u qu\u1ea3 cho c\u00e1c c\u00f4ng tr\u00ecnh. \u0110\u1ec3 \u0111\u1ea1t \u0111\u01b0\u1ee3c \u0111i\u1ec1u n\u00e0y, ch\u00fang t\u00f4i s\u1eed d\u1ee5ng c\u00e1c thi\u1ebft b\u1ecb v\u00e0 c\u00f4ng ngh\u1ec7 hi\u1ec7n \u0111\u1ea1i, \u0111\u01b0\u1ee3c nh\u1eadp kh\u1ea9u t\u1eeb c\u00e1c th\u01b0\u01a1ng hi\u1ec7u uy t\u00edn tr\u00ean th\u1ebf gi\u1edbi.<\/p>\n\n\n\n<p>B\u00ean c\u1ea1nh \u0111\u00f3, d\u1ecbch v\u1ee5 h\u1eadu m\u00e3i c\u1ee7a \u0110\u1ea1i H\u1ea3i c\u0169ng \u0111\u01b0\u1ee3c ch\u00fa tr\u1ecdng kh\u00f4ng k\u00e9m. Ch\u00fang t\u00f4i cung c\u1ea5p d\u1ecbch v\u1ee5 b\u1ea3o h\u00e0nh, b\u1ea3o d\u01b0\u1ee1ng \u0111\u1ecbnh k\u1ef3 v\u00e0 h\u1ed7 tr\u1ee3 k\u1ef9 thu\u1eadt 24\/7, \u0111\u1ea3m b\u1ea3o h\u1ec7 th\u1ed1ng ph\u00f2ng ch\u00e1y ch\u1eefa ch\u00e1y c\u1ee7a kh\u00e1ch h\u00e0ng lu\u00f4n ho\u1ea1t \u0111\u1ed9ng t\u1ed1t nh\u1ea5t.<\/p>\n\n\n\n<h4 class=\"wp-block-heading\">S\u1ef1 Y\u00ean T\u00e2m v\u00e0 Tin C\u1eady c\u1ee7a Kh\u00e1ch H\u00e0ng<\/h4>\n\n\n\n<p>V\u1edbi cam k\u1ebft ho\u00e0n th\u00e0nh d\u1ef1 \u00e1n \u0111\u00fang h\u1ea1n v\u00e0 \u0111\u1ea3m b\u1ea3o ch\u1ea5t l\u01b0\u1ee3ng, \u0110\u1ea1i H\u1ea3i \u0111\u00e3 v\u00e0 \u0111ang nh\u1eadn \u0111\u01b0\u1ee3c s\u1ef1 tin c\u1eady v\u00e0 y\u00ean t\u00e2m t\u1eeb ph\u00eda c\u00e1c nh\u00e0 \u0111\u1ea7u t\u01b0. Ch\u00fang t\u00f4i hi\u1ec3u r\u1eb1ng, s\u1ef1 th\u00e0nh c\u00f4ng c\u1ee7a m\u1ed7i d\u1ef1 \u00e1n kh\u00f4ng ch\u1ec9 n\u1eb1m \u1edf vi\u1ec7c ho\u00e0n th\u00e0nh m\u00e0 c\u00f2n \u1edf s\u1ef1 an to\u00e0n v\u00e0 hi\u1ec7u qu\u1ea3 m\u00e0 h\u1ec7 th\u1ed1ng ph\u00f2ng ch\u00e1y ch\u1eefa ch\u00e1y mang l\u1ea1i.<\/p>\n\n\n\n<p>Kh\u00e1ch h\u00e0ng c\u1ee7a ch\u00fang t\u00f4i, t\u1eeb c\u00e1c doanh nghi\u1ec7p l\u1edbn \u0111\u1ebfn c\u00e1c c\u00e1 nh\u00e2n, \u0111\u1ec1u \u0111\u00e1nh gi\u00e1 cao s\u1ef1 chuy\u00ean nghi\u1ec7p v\u00e0 t\u1eadn t\u00e2m c\u1ee7a \u0110\u1ea1i H\u1ea3i. Ch\u00fang t\u00f4i lu\u00f4n l\u1eafng nghe v\u00e0 hi\u1ec3u r\u00f5 nhu c\u1ea7u c\u1ee7a kh\u00e1ch h\u00e0ng, t\u1eeb \u0111\u00f3 \u0111\u01b0a ra nh\u1eefng gi\u1ea3i ph\u00e1p t\u1ed1i \u01b0u v\u00e0 ph\u00f9 h\u1ee3p nh\u1ea5t.<\/p>\n\n\n\n<h3 class=\"wp-block-heading\">K\u1ebft Lu\u1eadn<\/h3>\n\n\n\n<p>C\u00f4ng ty C\u1ed5 ph\u1ea7n C\u00f4ng ngh\u1ec7 \u0110\u1ea1i H\u1ea3i lu\u00f4n t\u1ef1 tin \u0111em \u0111\u1ebfn cho nh\u00e0 \u0111\u1ea7u t\u01b0 s\u1ef1 y\u00ean t\u00e2m v\u00e0 tin c\u1eady b\u1eb1ng vi\u1ec7c \u0111\u1ea3m b\u1ea3o ti\u1ebfn \u0111\u1ed9 v\u00e0 ch\u1ea5t l\u01b0\u1ee3ng d\u1ef1 \u00e1n. V\u1edbi \u0111\u1ed9i ng\u0169 chuy\u00ean nghi\u1ec7p, quy tr\u00ecnh qu\u1ea3n l\u00fd ch\u1eb7t ch\u1ebd v\u00e0 cam k\u1ebft ch\u1ea5t l\u01b0\u1ee3ng, ch\u00fang t\u00f4i lu\u00f4n s\u1eb5n s\u00e0ng \u0111\u1ed3ng h\u00e0nh c\u00f9ng kh\u00e1ch h\u00e0ng \u0111\u1ec3 x\u00e2y d\u1ef1ng nh\u1eefng c\u00f4ng tr\u00ecnh an to\u00e0n v\u00e0 hi\u1ec7u qu\u1ea3. H\u00e3y \u0111\u1ec3 \u0110\u1ea1i H\u1ea3i tr\u1edf th\u00e0nh \u0111\u1ed1i t\u00e1c tin c\u1eady c\u1ee7a b\u1ea1n trong l\u0129nh v\u1ef1c ph\u00f2ng ch\u00e1y ch\u1eefa ch\u00e1y.<\/p>\n","protected":false},"excerpt":{"rendered":"<p>Cam K\u1ebft \u0110\u1ea3m B\u1ea3o Ti\u1ebfn \u0110\u1ed9 v\u00e0 Ch\u1ea5t L\u01b0\u1ee3ng D\u1ef1 \u00c1n Trong l\u0129nh v\u1ef1c ph\u00f2ng ch\u00e1y ch\u1eefa ch\u00e1y, \u0111\u1ea3m b\u1ea3o ti\u1ebfn \u0111\u1ed9 v\u00e0 ch\u1ea5t l\u01b0\u1ee3ng d\u1ef1 \u00e1n l\u00e0 ti\u00eau ch\u00ed h\u00e0ng \u0111\u1ea7u c\u1ee7a C\u00f4ng ty C\u1ed5 ph\u1ea7n C\u00f4ng ngh\u1ec7 \u0110\u1ea1i H\u1ea3i. Ch\u00fang t\u00f4i hi\u1ec3u r\u1eb1ng, s\u1ef1 ch\u1eadm tr\u1ec5 v\u00e0 thi\u1ebfu [&hellip;]<\/p>\n","protected":false},"author":1,"featured_media":0,"parent":0,"menu_order":0,"comment_status":"closed","ping_status":"closed","template":"","meta":{"footnotes":""},"class_list":["post-472","page","type-page","status-publish","hentry"],"jetpack_sharing_enabled":true,"_links":{"self":[{"href":"https:\/\/daihai.com.vn\/index.php?rest_route=\/wp\/v2\/pages\/472","targetHints":{"allow":["GET"]}}],"collection":[{"href":"https:\/\/daihai.com.vn\/index.php?rest_route=\/wp\/v2\/pages"}],"about":[{"href":"https:\/\/daihai.com.vn\/index.php?rest_route=\/wp\/v2\/types\/page"}],"author":[{"embeddable":true,"href":"https:\/\/daihai.com.vn\/index.php?rest_route=\/wp\/v2\/users\/1"}],"replies":[{"embeddable":true,"href":"https:\/\/daihai.com.vn\/index.php?rest_route=%2Fwp%2Fv2%2Fcomments&post=472"}],"version-history":[{"count":2,"href":"https:\/\/daihai.com.vn\/index.php?rest_route=\/wp\/v2\/pages\/472\/revisions"}],"predecessor-version":[{"id":513,"href":"https:\/\/daihai.com.vn\/index.php?rest_route=\/wp\/v2\/pages\/472\/revisions\/513"}],"wp:attachment":[{"href":"https:\/\/daihai.com.vn\/index.php?rest_route=%2Fwp%2Fv2%2Fmedia&parent=472"}],"curies":[{"name":"wp","href":"https:\/\/api.w.org\/{rel}","templated":true}]}}