{"id":447,"date":"2024-08-06T09:43:26","date_gmt":"2024-08-06T09:43:26","guid":{"rendered":"https:\/\/daihai.com.vn\/?page_id=447"},"modified":"2024-08-06T09:43:27","modified_gmt":"2024-08-06T09:43:27","slug":"tu-van-thiet-ke","status":"publish","type":"page","link":"https:\/\/daihai.com.vn\/?page_id=447","title":{"rendered":"T\u01b0 v\u1ea5n thi\u1ebft k\u1ebf"},"content":{"rendered":"\n<p>Ch\u00fang t\u00f4i chuy\u00ean t\u01b0 v\u1ea5n v\u00e0 thi\u1ebft k\u1ebf h\u1ec7 th\u1ed1ng ph\u00f2ng ch\u00e1y ch\u1eefa ch\u00e1y v\u1edbi m\u1ee5c ti\u00eau h\u1ee3p t\u00e1c c\u00f9ng nh\u00e0 \u0111\u1ea7u t\u01b0 \u0111\u1ec3 ho\u00e0n th\u00e0nh d\u1ef1 \u00e1n v\u1edbi chi ph\u00ed \u0111\u1ea7u t\u01b0 th\u1ea5p nh\u1ea5t. \u0110\u1ed9i ng\u0169 chuy\u00ean gia gi\u00e0u kinh nghi\u1ec7m c\u1ee7a ch\u00fang t\u00f4i cam k\u1ebft mang \u0111\u1ebfn c\u00e1c gi\u1ea3i ph\u00e1p an to\u00e0n, hi\u1ec7u qu\u1ea3 v\u00e0 ti\u1ebft ki\u1ec7m nh\u1ea5t cho kh\u00e1ch h\u00e0ng.<\/p>\n\n\n\n<figure class=\"wp-block-image size-full is-resized\"><img loading=\"lazy\" decoding=\"async\" width=\"1024\" height=\"1024\" src=\"https:\/\/daihai.com.vn\/wp-content\/uploads\/2024\/08\/tk.webp\" alt=\"\" class=\"wp-image-448\" style=\"width:659px;height:auto\" srcset=\"https:\/\/daihai.com.vn\/wp-content\/uploads\/2024\/08\/tk.webp 1024w, https:\/\/daihai.com.vn\/wp-content\/uploads\/2024\/08\/tk-300x300.webp 300w, https:\/\/daihai.com.vn\/wp-content\/uploads\/2024\/08\/tk-150x150.webp 150w, https:\/\/daihai.com.vn\/wp-content\/uploads\/2024\/08\/tk-768x768.webp 768w, https:\/\/daihai.com.vn\/wp-content\/uploads\/2024\/08\/tk-600x600.webp 600w, https:\/\/daihai.com.vn\/wp-content\/uploads\/2024\/08\/tk-160x160.webp 160w\" sizes=\"auto, (max-width: 1024px) 100vw, 1024px\" \/><\/figure>\n\n\n\n<p><\/p>\n\n\n\n<p>Trong qu\u00e1 tr\u00ecnh t\u01b0 v\u1ea5n, ch\u00fang t\u00f4i l\u1eafng nghe k\u1ef9 l\u01b0\u1ee1ng nhu c\u1ea7u v\u00e0 mong mu\u1ed1n c\u1ee7a kh\u00e1ch h\u00e0ng, ti\u1ebfn h\u00e0nh kh\u1ea3o s\u00e1t th\u1ef1c t\u1ebf \u0111\u1ec3 hi\u1ec3u r\u00f5 \u0111\u1eb7c \u0111i\u1ec3m c\u1ee7a t\u1eebng c\u00f4ng tr\u00ecnh. D\u1ef1a tr\u00ean nh\u1eefng th\u00f4ng tin thu th\u1eadp \u0111\u01b0\u1ee3c, ch\u00fang t\u00f4i t\u01b0 v\u1ea5n nh\u1eefng gi\u1ea3i ph\u00e1p ph\u00f2ng ch\u00e1y ch\u1eefa ch\u00e1y t\u1ed1i \u01b0u, \u0111\u1ea3m b\u1ea3o ph\u00f9 h\u1ee3p v\u1edbi y\u00eau c\u1ea7u c\u1ee5 th\u1ec3 v\u00e0 \u0111i\u1ec1u ki\u1ec7n th\u1ef1c t\u1ebf.<\/p>\n\n\n\n<p>V\u1ec1 thi\u1ebft k\u1ebf, \u0111\u1ed9i ng\u0169 k\u1ef9 s\u01b0 c\u1ee7a ch\u00fang t\u00f4i s\u1eed d\u1ee5ng c\u00e1c c\u00f4ng ngh\u1ec7 v\u00e0 ph\u1ea7n m\u1ec1m ti\u00ean ti\u1ebfn \u0111\u1ec3 t\u1ea1o ra c\u00e1c b\u1ea3n thi\u1ebft k\u1ebf chi ti\u1ebft, ch\u00ednh x\u00e1c v\u00e0 hi\u1ec7u qu\u1ea3. Ch\u00fang t\u00f4i \u0111\u1ea3m b\u1ea3o r\u1eb1ng m\u1ecdi y\u1ebfu t\u1ed1 t\u1eeb v\u1ecb tr\u00ed l\u1eafp \u0111\u1eb7t thi\u1ebft b\u1ecb \u0111\u1ebfn h\u1ec7 th\u1ed1ng \u0111i\u1ec1u khi\u1ec3n \u0111\u1ec1u \u0111\u01b0\u1ee3c t\u00ednh to\u00e1n k\u1ef9 l\u01b0\u1ee1ng \u0111\u1ec3 \u0111\u1ea1t hi\u1ec7u qu\u1ea3 cao nh\u1ea5t trong ph\u00f2ng ch\u00e1y ch\u1eefa ch\u00e1y.<\/p>\n\n\n\n<p>Ch\u00fang t\u00f4i lu\u00f4n c\u1eadp nh\u1eadt c\u00e1c ti\u00eau chu\u1ea9n v\u00e0 quy \u0111\u1ecbnh m\u1edbi nh\u1ea5t trong ng\u00e0nh, \u0111\u1ea3m b\u1ea3o r\u1eb1ng c\u00e1c h\u1ec7 th\u1ed1ng ph\u00f2ng ch\u00e1y ch\u1eefa ch\u00e1y do ch\u00fang t\u00f4i thi\u1ebft k\u1ebf kh\u00f4ng ch\u1ec9 \u0111\u00e1p \u1ee9ng m\u00e0 c\u00f2n v\u01b0\u1ee3t qua c\u00e1c y\u00eau c\u1ea7u an to\u00e0n hi\u1ec7n h\u00e0nh. V\u1edbi cam k\u1ebft v\u1ec1 ch\u1ea5t l\u01b0\u1ee3ng v\u00e0 s\u1ef1 t\u1eadn t\u00e2m trong c\u00f4ng vi\u1ec7c, ch\u00fang t\u00f4i tin r\u1eb1ng s\u1ebd mang \u0111\u1ebfn cho kh\u00e1ch h\u00e0ng s\u1ef1 y\u00ean t\u00e2m v\u00e0 h\u00e0i l\u00f2ng tuy\u1ec7t \u0111\u1ed1i.<\/p>\n","protected":false},"excerpt":{"rendered":"<p>Ch\u00fang t\u00f4i chuy\u00ean t\u01b0 v\u1ea5n v\u00e0 thi\u1ebft k\u1ebf h\u1ec7 th\u1ed1ng ph\u00f2ng ch\u00e1y ch\u1eefa ch\u00e1y v\u1edbi m\u1ee5c ti\u00eau h\u1ee3p t\u00e1c c\u00f9ng nh\u00e0 \u0111\u1ea7u t\u01b0 \u0111\u1ec3 ho\u00e0n th\u00e0nh d\u1ef1 \u00e1n v\u1edbi chi ph\u00ed \u0111\u1ea7u t\u01b0 th\u1ea5p nh\u1ea5t. \u0110\u1ed9i ng\u0169 chuy\u00ean gia gi\u00e0u kinh nghi\u1ec7m c\u1ee7a ch\u00fang t\u00f4i cam k\u1ebft mang \u0111\u1ebfn c\u00e1c [&hellip;]<\/p>\n","protected":false},"author":1,"featured_media":0,"parent":0,"menu_order":0,"comment_status":"closed","ping_status":"closed","template":"","meta":{"footnotes":""},"class_list":["post-447","page","type-page","status-publish","hentry"],"jetpack_sharing_enabled":true,"_links":{"self":[{"href":"https:\/\/daihai.com.vn\/index.php?rest_route=\/wp\/v2\/pages\/447","targetHints":{"allow":["GET"]}}],"collection":[{"href":"https:\/\/daihai.com.vn\/index.php?rest_route=\/wp\/v2\/pages"}],"about":[{"href":"https:\/\/daihai.com.vn\/index.php?rest_route=\/wp\/v2\/types\/page"}],"author":[{"embeddable":true,"href":"https:\/\/daihai.com.vn\/index.php?rest_route=\/wp\/v2\/users\/1"}],"replies":[{"embeddable":true,"href":"https:\/\/daihai.com.vn\/index.php?rest_route=%2Fwp%2Fv2%2Fcomments&post=447"}],"version-history":[{"count":1,"href":"https:\/\/daihai.com.vn\/index.php?rest_route=\/wp\/v2\/pages\/447\/revisions"}],"predecessor-version":[{"id":449,"href":"https:\/\/daihai.com.vn\/index.php?rest_route=\/wp\/v2\/pages\/447\/revisions\/449"}],"wp:attachment":[{"href":"https:\/\/daihai.com.vn\/index.php?rest_route=%2Fwp%2Fv2%2Fmedia&parent=447"}],"curies":[{"name":"wp","href":"https:\/\/api.w.org\/{rel}","templated":true}]}}