{"id":314,"date":"2024-08-05T10:02:28","date_gmt":"2024-08-05T10:02:28","guid":{"rendered":"http:\/\/daihai.com.vn\/?page_id=314"},"modified":"2024-08-05T10:02:30","modified_gmt":"2024-08-05T10:02:30","slug":"gia-tri-cot-loi","status":"publish","type":"page","link":"https:\/\/daihai.com.vn\/?page_id=314","title":{"rendered":"Gi\u00e1 tr\u1ecb c\u1ed1t l\u00f5i"},"content":{"rendered":"\n<p>Gi\u00e1 tr\u1ecb c\u1ed1t l\u00f5i&nbsp;<strong>T\u00e2m, Tr\u00ed, D\u0169ng: N\u1ec1n t\u1ea3ng cho s\u1ef1 ph\u00e1t tri\u1ec3n b\u1ec1n v\u1eefng<\/strong><\/p>\n\n\n\n<p><strong>T\u00e2m, Tr\u00ed, D\u0169ng<\/strong>&nbsp;l\u00e0 ba ph\u1ea9m ch\u1ea5t \u0111\u1ea1o \u0111\u1ee9c c\u1ed1t l\u00f5i t\u1eeb l\u00e2u \u0111\u00e3 \u0111\u01b0\u1ee3c \u0111\u1ec1 cao trong v\u0103n h\u00f3a Vi\u1ec7t Nam, v\u00e0 ng\u00e0y c\u00e0ng \u0111\u01b0\u1ee3c xem tr\u1ecdng trong x\u00e2y d\u1ef1ng v\u0103n h\u00f3a doanh nghi\u1ec7p. \u00c1p d\u1ee5ng nh\u1eefng gi\u00e1 tr\u1ecb n\u00e0y v\u00e0o m\u00f4i tr\u01b0\u1eddng kinh doanh mang l\u1ea1i nhi\u1ec1u l\u1ee3i \u00edch thi\u1ebft th\u1ef1c, g\u00f3p ph\u1ea7n t\u1ea1o d\u1ef1ng n\u1ec1n t\u1ea3ng v\u1eefng ch\u1eafc cho s\u1ef1 ph\u00e1t tri\u1ec3n b\u1ec1n v\u1eefng c\u1ee7a doanh nghi\u1ec7p.<\/p>\n\n\n\n<p><strong>1. T\u00e2m:<\/strong><\/p>\n\n\n\n<ul class=\"wp-block-list\">\n<li><strong>L\u00f2ng nh\u00e2n \u00e1i, s\u1ef1 t\u1eed t\u1ebf:<\/strong>\u00a0\u0110\u1eb7t ch\u1eef \u201cT\u00e2m\u201d l\u00ean h\u00e0ng \u0111\u1ea7u, doanh nghi\u1ec7p \u0111\u1ec1 cao gi\u00e1 tr\u1ecb con ng\u01b0\u1eddi, x\u00e2y d\u1ef1ng m\u00f4i tr\u01b0\u1eddng l\u00e0m vi\u1ec7c nh\u00e2n v\u0103n, quan t\u00e2m \u0111\u1ebfn \u0111\u1eddi s\u1ed1ng v\u1eadt ch\u1ea5t v\u00e0 tinh th\u1ea7n c\u1ee7a c\u00e1n b\u1ed9 nh\u00e2n vi\u00ean. Nh\u1edd v\u1eady, t\u1ea1o d\u1ef1ng s\u1ef1 g\u1eafn k\u1ebft, tin t\u01b0\u1edfng l\u1eabn nhau, khuy\u1ebfn kh\u00edch tinh th\u1ea7n c\u1ed1ng hi\u1ebfn v\u00e0 s\u00e1ng t\u1ea1o c\u1ee7a m\u1ed7i c\u00e1 nh\u00e2n.<\/li>\n\n\n\n<li><strong>Tr\u00e1ch nhi\u1ec7m x\u00e3 h\u1ed9i:<\/strong>\u00a0Doanh nghi\u1ec7p ho\u1ea1t \u0111\u1ed9ng kh\u00f4ng ch\u1ec9 v\u00ec l\u1ee3i nhu\u1eadn m\u00e0 c\u00f2n h\u01b0\u1edbng \u0111\u1ebfn l\u1ee3i \u00edch c\u1ed9ng \u0111\u1ed3ng. Tham gia c\u00e1c ho\u1ea1t \u0111\u1ed9ng thi\u1ec7n nguy\u1ec7n, chung tay b\u1ea3o v\u1ec7 m\u00f4i tr\u01b0\u1eddng, th\u1ec3 hi\u1ec7n tinh th\u1ea7n tr\u00e1ch nhi\u1ec7m v\u1edbi x\u00e3 h\u1ed9i, g\u00f3p ph\u1ea7n x\u00e2y d\u1ef1ng h\u00ecnh \u1ea3nh doanh nghi\u1ec7p uy t\u00edn v\u00e0 \u0111\u01b0\u1ee3c c\u1ed9ng \u0111\u1ed3ng y\u00eau m\u1ebfn.<\/li>\n<\/ul>\n\n\n\n<p><strong>2. Tr\u00ed:<\/strong><\/p>\n\n\n\n<ul class=\"wp-block-list\">\n<li><strong>Tr\u00ed tu\u1ec7 v\u00e0 s\u1ef1 s\u00e1ng t\u1ea1o:<\/strong>\u00a0Khuy\u1ebfn kh\u00edch h\u1ecdc h\u1ecfi, s\u00e1ng t\u1ea1o, \u0111\u1ed5i m\u1edbi, t\u1ea1o \u0111i\u1ec1u ki\u1ec7n cho c\u00e1n b\u1ed9 nh\u00e2n vi\u00ean ph\u00e1t huy t\u1ed1i \u0111a ti\u1ec1m n\u0103ng tr\u00ed tu\u1ec7. Doanh nghi\u1ec7p lu\u00f4n c\u1eadp nh\u1eadt xu h\u01b0\u1edbng th\u1ecb tr\u01b0\u1eddng, \u1ee9ng d\u1ee5ng c\u00f4ng ngh\u1ec7 ti\u00ean ti\u1ebfn, kh\u00f4ng ng\u1eebng c\u1ea3i ti\u1ebfn s\u1ea3n ph\u1ea9m d\u1ecbch v\u1ee5 \u0111\u1ec3 \u0111\u00e1p \u1ee9ng nhu c\u1ea7u th\u1ecb tr\u01b0\u1eddng ng\u00e0y c\u00e0ng cao.<\/li>\n\n\n\n<li><strong>Tinh th\u1ea7n ham h\u1ecdc h\u1ecfi:<\/strong>\u00a0Doanh nghi\u1ec7p t\u1ea1o \u0111i\u1ec1u ki\u1ec7n cho c\u00e1n b\u1ed9 nh\u00e2n vi\u00ean tham gia c\u00e1c kh\u00f3a \u0111\u00e0o t\u1ea1o, h\u1ed9i th\u1ea3o, c\u1eadp nh\u1eadt ki\u1ebfn th\u1ee9c chuy\u00ean m\u00f4n v\u00e0 k\u1ef9 n\u0103ng m\u1ec1m. Nh\u1edd v\u1eady, n\u00e2ng cao n\u0103ng l\u1ef1c \u0111\u1ed9i ng\u0169 nh\u00e2n s\u1ef1, g\u00f3p ph\u1ea7n n\u00e2ng cao hi\u1ec7u qu\u1ea3 ho\u1ea1t \u0111\u1ed9ng c\u1ee7a doanh nghi\u1ec7p.<\/li>\n<\/ul>\n\n\n\n<p><strong>3. D\u0169ng:<\/strong><\/p>\n\n\n\n<ul class=\"wp-block-list\">\n<li><strong>Quy\u1ebft \u0111o\u00e1n v\u00e0 d\u00e1m ngh\u0129 d\u00e1m l\u00e0m:<\/strong>\u00a0L\u00e3nh \u0111\u1ea1o doanh nghi\u1ec7p c\u00f3 t\u1ea7m nh\u00ecn chi\u1ebfn l\u01b0\u1ee3c, d\u00e1m \u0111\u01b0a ra quy\u1ebft \u0111\u1ecbnh t\u00e1o b\u1ea1o, k\u1ecbp th\u1eddi n\u1eafm b\u1eaft c\u01a1 h\u1ed9i, kh\u00f4ng ng\u1ea1i \u0111\u1ed1i m\u1eb7t v\u1edbi th\u1eed th\u00e1ch. Nh\u1edd v\u1eady, d\u1eabn d\u1eaft doanh nghi\u1ec7p v\u01b0\u1ee3t qua kh\u00f3 kh\u0103n, g\u1eb7t h\u00e1i th\u00e0nh c\u00f4ng.<\/li>\n\n\n\n<li><strong>Tinh th\u1ea7n d\u0169ng c\u1ea3m:<\/strong>\u00a0Khuy\u1ebfn kh\u00edch c\u00e1n b\u1ed9 nh\u00e2n vi\u00ean d\u00e1m th\u1eed th\u00e1ch b\u1ea3n th\u00e2n, d\u00e1m \u0111\u01b0\u01a1ng \u0111\u1ea7u v\u1edbi kh\u00f3 kh\u0103n, kh\u00f4ng ng\u1ea1i m\u1eafc sai l\u1ea7m. Doanh nghi\u1ec7p t\u1ea1o m\u00f4i tr\u01b0\u1eddng l\u00e0m vi\u1ec7c c\u1edfi m\u1edf, khuy\u1ebfn kh\u00edch chia s\u1ebb, h\u1ecdc h\u1ecfi t\u1eeb sai l\u1ea7m \u0111\u1ec3 kh\u00f4ng ng\u1eebng ti\u1ebfn b\u1ed9.<\/li>\n<\/ul>\n","protected":false},"excerpt":{"rendered":"<p>Gi\u00e1 tr\u1ecb c\u1ed1t l\u00f5i&nbsp;T\u00e2m, Tr\u00ed, D\u0169ng: N\u1ec1n t\u1ea3ng cho s\u1ef1 ph\u00e1t tri\u1ec3n b\u1ec1n v\u1eefng T\u00e2m, Tr\u00ed, D\u0169ng&nbsp;l\u00e0 ba ph\u1ea9m ch\u1ea5t \u0111\u1ea1o \u0111\u1ee9c c\u1ed1t l\u00f5i t\u1eeb l\u00e2u \u0111\u00e3 \u0111\u01b0\u1ee3c \u0111\u1ec1 cao trong v\u0103n h\u00f3a Vi\u1ec7t Nam, v\u00e0 ng\u00e0y c\u00e0ng \u0111\u01b0\u1ee3c xem tr\u1ecdng trong x\u00e2y d\u1ef1ng v\u0103n h\u00f3a doanh nghi\u1ec7p. \u00c1p d\u1ee5ng [&hellip;]<\/p>\n","protected":false},"author":1,"featured_media":0,"parent":0,"menu_order":0,"comment_status":"closed","ping_status":"closed","template":"","meta":{"footnotes":""},"class_list":["post-314","page","type-page","status-publish","hentry"],"jetpack_sharing_enabled":true,"_links":{"self":[{"href":"https:\/\/daihai.com.vn\/index.php?rest_route=\/wp\/v2\/pages\/314","targetHints":{"allow":["GET"]}}],"collection":[{"href":"https:\/\/daihai.com.vn\/index.php?rest_route=\/wp\/v2\/pages"}],"about":[{"href":"https:\/\/daihai.com.vn\/index.php?rest_route=\/wp\/v2\/types\/page"}],"author":[{"embeddable":true,"href":"https:\/\/daihai.com.vn\/index.php?rest_route=\/wp\/v2\/users\/1"}],"replies":[{"embeddable":true,"href":"https:\/\/daihai.com.vn\/index.php?rest_route=%2Fwp%2Fv2%2Fcomments&post=314"}],"version-history":[{"count":1,"href":"https:\/\/daihai.com.vn\/index.php?rest_route=\/wp\/v2\/pages\/314\/revisions"}],"predecessor-version":[{"id":315,"href":"https:\/\/daihai.com.vn\/index.php?rest_route=\/wp\/v2\/pages\/314\/revisions\/315"}],"wp:attachment":[{"href":"https:\/\/daihai.com.vn\/index.php?rest_route=%2Fwp%2Fv2%2Fmedia&parent=314"}],"curies":[{"name":"wp","href":"https:\/\/api.w.org\/{rel}","templated":true}]}}