{"id":300,"date":"2024-08-05T08:24:00","date_gmt":"2024-08-05T08:24:00","guid":{"rendered":"http:\/\/daihai.com.vn\/?page_id=300"},"modified":"2024-08-06T09:22:40","modified_gmt":"2024-08-06T09:22:40","slug":"gioi-thieu-chung","status":"publish","type":"page","link":"https:\/\/daihai.com.vn\/?page_id=300","title":{"rendered":"Gi\u1edbi thi\u1ec7u chung"},"content":{"rendered":"\n<p><strong>L\u1ecbch s\u1eed h\u00ecnh th\u00e0nh<\/strong><\/p>\n\n\n\n<p> Th\u00e0nh l\u1eadp 1998 : C\u00f4ng ty TNHH Th\u01b0\u01a1ng m\u1ea1i, \u0110\u1ea7u t\u01b0 v\u00e0 Ph\u00e1t tri\u1ec3n C\u00f4ng ngh\u1ec7 \u0110\u1ea1i H\u1ea3i <\/p>\n\n\n\n<p>N\u0103m 2016, c\u00f4ng ty chuy\u1ec3n \u0111\u1ed5i m\u00f4 h\u00ecnh th\u00e0nh C\u00f4ng ty C\u1ed5 ph\u1ea7n Th\u01b0\u01a1ng m\u1ea1i, \u0110\u1ea7u t\u01b0 v\u00e0 Ph\u00e1t tri\u1ec3n C\u00f4ng ngh\u1ec7 \u0110\u1ea1i H\u1ea3i (Dai Hai Traditec., JSC).<\/p>\n\n\n\n<p>N\u0103m 2024 \u0111\u1ed5i t\u00ean th\u00e0nh C\u00f4ng ty C\u1ed5 Ph\u1ea7n C\u00f4ng Ngh\u1ec7 \u0110\u1ea1i H\u1ea3i<\/p>\n\n\n\n<p><strong>V\u1ec1 ch\u00fang t\u00f4i<\/strong><\/p>\n\n\n\n<p>C\u00f4ng ty C\u1ed5 ph\u1ea7n C\u00f4ng ngh\u1ec7 \u0110\u1ea1i H\u1ea3i (Dai H\u1ea3i) t\u1ef1 h\u00e0o l\u00e0 nh\u00e0 th\u1ea7u h\u00e0ng \u0111\u1ea7u trong l\u0129nh v\u1ef1c ph\u00f2ng ch\u00e1y ch\u1eefa ch\u00e1y t\u1ea1i Vi\u1ec7t Nam. Ch\u00fang t\u00f4i cam k\u1ebft mang \u0111\u1ebfn cho Qu\u00fd kh\u00e1ch h\u00e0ng c\u00e1c d\u1ecbch v\u1ee5 t\u01b0 v\u1ea5n, thi\u1ebft k\u1ebf, cung c\u1ea5p, l\u1eafp \u0111\u1eb7t, v\u1eadn h\u00e0nh v\u00e0 b\u1ea3o d\u01b0\u1ee1ng h\u1ec7 th\u1ed1ng ph\u00f2ng ch\u00e1y ch\u1eefa ch\u00e1y chuy\u00ean nghi\u1ec7p v\u00e0 \u0111\u00e1ng tin c\u1eady.<\/p>\n\n\n\n<h4 class=\"wp-block-heading\">\u0110\u1ed9i ng\u0169 K\u1ef9 s\u01b0 v\u00e0 Chuy\u00ean gia<\/h4>\n\n\n\n<p>V\u1edbi nhi\u1ec1u n\u0103m kinh nghi\u1ec7m trong ng\u00e0nh, Dai H\u1ea3i s\u1edf h\u1eefu \u0111\u1ed9i ng\u0169 k\u1ef9 s\u01b0 v\u00e0 chuy\u00ean gia c\u00f3 tr\u00ecnh \u0111\u1ed9 cao v\u00e0 gi\u00e0u kinh nghi\u1ec7m. \u0110\u1ed9i ng\u0169 c\u1ee7a ch\u00fang t\u00f4i kh\u00f4ng ch\u1ec9 c\u00f3 ki\u1ebfn th\u1ee9c s\u00e2u r\u1ed9ng v\u1ec1 ph\u00f2ng ch\u00e1y ch\u1eefa ch\u00e1y m\u00e0 c\u00f2n am hi\u1ec3u v\u1ec1 c\u00e1c ti\u00eau chu\u1ea9n qu\u1ed1c t\u1ebf, \u0111\u1ea3m b\u1ea3o c\u00e1c gi\u1ea3i ph\u00e1p m\u00e0 ch\u00fang t\u00f4i cung c\u1ea5p lu\u00f4n \u0111\u1ea1t ch\u1ea5t l\u01b0\u1ee3ng cao nh\u1ea5t.<\/p>\n\n\n\n<p>Ch\u00fang t\u00f4i c\u00f3 nh\u00f3m c\u1ed1 v\u1ea5n k\u1ef9 thu\u1eadt cao c\u1ea5p, bao g\u1ed3m nh\u1eefng chuy\u00ean gia h\u00e0ng \u0111\u1ea7u c\u00f3 tr\u00ecnh \u0111\u1ed9 qu\u1ed1c t\u1ebf. H\u1ecd \u0111\u00f3ng vai tr\u00f2 quan tr\u1ecdng trong vi\u1ec7c \u0111\u1ecbnh h\u01b0\u1edbng v\u00e0 gi\u00e1m s\u00e1t qu\u00e1 tr\u00ecnh tri\u1ec3n khai c\u00e1c d\u1ef1 \u00e1n, \u0111\u1ea3m b\u1ea3o m\u1ecdi c\u00f4ng \u0111o\u1ea1n t\u1eeb thi\u1ebft k\u1ebf, thi c\u00f4ng \u0111\u1ebfn v\u1eadn h\u00e0nh \u0111\u1ec1u di\u1ec5n ra su\u00f4n s\u1ebb v\u00e0 \u0111\u1ea1t hi\u1ec7u qu\u1ea3 t\u1ed1i \u01b0u.<\/p>\n\n\n\n<h4 class=\"wp-block-heading\">D\u1ecbch v\u1ee5 Chuy\u00ean nghi\u1ec7p<\/h4>\n\n\n\n<p>Dai H\u1ea3i cung c\u1ea5p m\u1ed9t chu\u1ed7i d\u1ecbch v\u1ee5 to\u00e0n di\u1ec7n bao g\u1ed3m t\u01b0 v\u1ea5n, thi\u1ebft k\u1ebf, cung c\u1ea5p, l\u1eafp \u0111\u1eb7t, v\u1eadn h\u00e0nh v\u00e0 b\u1ea3o d\u01b0\u1ee1ng c\u00e1c h\u1ec7 th\u1ed1ng ph\u00f2ng ch\u00e1y ch\u1eefa ch\u00e1y. Ch\u00fang t\u00f4i cam k\u1ebft \u0111\u1ed3ng h\u00e0nh c\u00f9ng kh\u00e1ch h\u00e0ng t\u1eeb giai \u0111o\u1ea1n \u00fd t\u01b0\u1edfng \u0111\u1ebfn khi d\u1ef1 \u00e1n ho\u00e0n thi\u1ec7n v\u00e0 trong su\u1ed1t qu\u00e1 tr\u00ecnh s\u1eed d\u1ee5ng h\u1ec7 th\u1ed1ng.<\/p>\n\n\n\n<ol class=\"wp-block-list\">\n<li><strong>T\u01b0 v\u1ea5n v\u00e0 Thi\u1ebft k\u1ebf:<\/strong><\/li>\n<\/ol>\n\n\n\n<ul class=\"wp-block-list\">\n<li>\u0110\u1ed9i ng\u0169 k\u1ef9 s\u01b0 c\u1ee7a Dai H\u1ea3i b\u1eaft \u0111\u1ea7u b\u1eb1ng vi\u1ec7c kh\u1ea3o s\u00e1t th\u1ef1c t\u1ebf, l\u1eafng nghe nhu c\u1ea7u v\u00e0 mong mu\u1ed1n c\u1ee7a kh\u00e1ch h\u00e0ng. T\u1eeb \u0111\u00f3, ch\u00fang t\u00f4i t\u01b0 v\u1ea5n v\u00e0 thi\u1ebft k\u1ebf c\u00e1c gi\u1ea3i ph\u00e1p ph\u00f2ng ch\u00e1y ch\u1eefa ch\u00e1y ph\u00f9 h\u1ee3p v\u00e0 hi\u1ec7u qu\u1ea3 nh\u1ea5t.<\/li>\n<\/ul>\n\n\n\n<ol class=\"wp-block-list\">\n<li><strong>Cung c\u1ea5p v\u00e0 L\u1eafp \u0111\u1eb7t:<\/strong><\/li>\n<\/ol>\n\n\n\n<ul class=\"wp-block-list\">\n<li>Dai H\u1ea3i cung c\u1ea5p c\u00e1c thi\u1ebft b\u1ecb ph\u00f2ng ch\u00e1y ch\u1eefa ch\u00e1y t\u1eeb nh\u1eefng th\u01b0\u01a1ng hi\u1ec7u uy t\u00edn tr\u00ean th\u1ebf gi\u1edbi. Ch\u00fang t\u00f4i \u0111\u1ea3m b\u1ea3o c\u00e1c thi\u1ebft b\u1ecb \u0111\u1ec1u \u0111\u1ea1t ti\u00eau chu\u1ea9n ch\u1ea5t l\u01b0\u1ee3ng cao v\u00e0 c\u00f3 \u0111\u1ed9 b\u1ec1n v\u01b0\u1ee3t tr\u1ed9i. Qu\u00e1 tr\u00ecnh l\u1eafp \u0111\u1eb7t \u0111\u01b0\u1ee3c th\u1ef1c hi\u1ec7n b\u1edfi \u0111\u1ed9i ng\u0169 c\u00f4ng nh\u00e2n tay ngh\u1ec1 cao, \u0111\u1ea3m b\u1ea3o t\u00ednh ch\u00ednh x\u00e1c v\u00e0 an to\u00e0n tuy\u1ec7t \u0111\u1ed1i.<\/li>\n<\/ul>\n\n\n\n<ol class=\"wp-block-list\">\n<li><strong>V\u1eadn h\u00e0nh v\u00e0 B\u1ea3o d\u01b0\u1ee1ng:<\/strong><\/li>\n<\/ol>\n\n\n\n<ul class=\"wp-block-list\">\n<li>Sau khi h\u1ec7 th\u1ed1ng ph\u00f2ng ch\u00e1y ch\u1eefa ch\u00e1y \u0111\u01b0\u1ee3c l\u1eafp \u0111\u1eb7t ho\u00e0n ch\u1ec9nh, ch\u00fang t\u00f4i cung c\u1ea5p d\u1ecbch v\u1ee5 v\u1eadn h\u00e0nh th\u1eed nghi\u1ec7m \u0111\u1ec3 \u0111\u1ea3m b\u1ea3o m\u1ecdi th\u1ee9 ho\u1ea1t \u0111\u1ed9ng \u0111\u00fang theo thi\u1ebft k\u1ebf. B\u00ean c\u1ea1nh \u0111\u00f3, d\u1ecbch v\u1ee5 b\u1ea3o d\u01b0\u1ee1ng \u0111\u1ecbnh k\u1ef3 v\u00e0 s\u1eeda ch\u1eefa khi c\u1ea7n thi\u1ebft gi\u00fap h\u1ec7 th\u1ed1ng lu\u00f4n trong t\u00ecnh tr\u1ea1ng ho\u1ea1t \u0111\u1ed9ng t\u1ed1t nh\u1ea5t.<\/li>\n<\/ul>\n\n\n\n<h4 class=\"wp-block-heading\">Cam k\u1ebft Ch\u1ea5t l\u01b0\u1ee3ng<\/h4>\n\n\n\n<p>\u0110\u1ea1i H\u1ea3i lu\u00f4n \u0111\u1eb7t ch\u1ea5t l\u01b0\u1ee3ng l\u00ean h\u00e0ng \u0111\u1ea7u, t\u1eeb thi\u1ebft k\u1ebf, s\u1ea3n xu\u1ea5t, ch\u1ea5t l\u01b0\u1ee3ng s\u1ea3n ph\u1ea9m, k\u1ef9 thu\u1eadt thi c\u00f4ng l\u1eafp \u0111\u1eb7t cho \u0111\u1ebfn d\u1ecbch v\u1ee5 sau b\u00e1n h\u00e0ng nh\u01b0 b\u1ea3o h\u00e0nh v\u00e0 b\u1ea3o d\u01b0\u1ee1ng. Ch\u00fang t\u00f4i cam k\u1ebft m\u1ecdi h\u1ea1ng m\u1ee5c c\u00f4ng vi\u1ec7c \u0111\u1ec1u \u0111\u01b0\u1ee3c th\u1ef1c hi\u1ec7n theo c\u00e1c ti\u00eau chu\u1ea9n cao nh\u1ea5t v\u00e0 \u0111\u1ea3m b\u1ea3o s\u1ef1 h\u00e0i l\u00f2ng c\u1ee7a kh\u00e1ch h\u00e0ng.<\/p>\n\n\n\n<h4 class=\"wp-block-heading\">Ph\u01b0\u01a1ng ch\u00e2m Ho\u1ea1t \u0111\u1ed9ng<\/h4>\n\n\n\n<p>Ph\u01b0\u01a1ng ch\u00e2m h\u00e0nh \u0111\u1ed9ng c\u1ee7a \u0110\u1ea1i H\u1ea3i l\u00e0: C\u00f4ng vi\u1ec7c ch\u1ec9 ho\u00e0n th\u00e0nh t\u1ed1t \u0111\u1eb9p khi c\u00f3 s\u1ef1 th\u00f4ng hi\u1ec3u tuy\u1ec7t \u0111\u1ed1i gi\u1eefa kh\u00e1ch h\u00e0ng, nh\u00e0 cung c\u1ea5p v\u00e0 to\u00e0n b\u1ed9 nh\u00e2n vi\u00ean c\u1ee7a c\u00f4ng ty. Ch\u00fang t\u00f4i tin r\u1eb1ng s\u1ef1 h\u1ee3p t\u00e1c ch\u1eb7t ch\u1ebd v\u00e0 s\u1ef1 hi\u1ec3u bi\u1ebft l\u1eabn nhau l\u00e0 ch\u00eca kh\u00f3a d\u1eabn \u0111\u1ebfn th\u00e0nh c\u00f4ng.<\/p>\n\n\n\n<p>\u0110\u1ea1i H\u1ea3i lu\u00f4n l\u1eafng nghe v\u00e0 t\u00f4n tr\u1ecdng \u00fd ki\u1ebfn c\u1ee7a kh\u00e1ch h\u00e0ng, \u0111\u1ed3ng th\u1eddi kh\u00f4ng ng\u1eebng c\u1ea3i ti\u1ebfn v\u00e0 \u0111\u1ed5i m\u1edbi \u0111\u1ec3 mang \u0111\u1ebfn nh\u1eefng gi\u1ea3i ph\u00e1p t\u1ed1t nh\u1ea5t. Ch\u00fang t\u00f4i tin r\u1eb1ng v\u1edbi s\u1ef1 n\u1ed7 l\u1ef1c kh\u00f4ng ng\u1eebng v\u00e0 cam k\u1ebft m\u1ea1nh m\u1ebd v\u1ec1 ch\u1ea5t l\u01b0\u1ee3ng, \u0110\u1ea1i H\u1ea3i s\u1ebd ti\u1ebfp t\u1ee5c l\u00e0 s\u1ef1 l\u1ef1a ch\u1ecdn h\u00e0ng \u0111\u1ea7u c\u1ee7a kh\u00e1ch h\u00e0ng trong l\u0129nh v\u1ef1c ph\u00f2ng ch\u00e1y ch\u1eefa ch\u00e1y.<\/p>\n\n\n\n<h3 class=\"wp-block-heading\">K\u1ebft Lu\u1eadn<\/h3>\n\n\n\n<p>C\u00f4ng ty C\u1ed5 ph\u1ea7n C\u00f4ng ngh\u1ec7 \u0110\u1ea1i H\u1ea3i t\u1ef1 h\u00e0o l\u00e0 \u0111\u01a1n v\u1ecb h\u00e0ng \u0111\u1ea7u trong l\u0129nh v\u1ef1c ph\u00f2ng ch\u00e1y ch\u1eefa ch\u00e1y, mang \u0111\u1ebfn nh\u1eefng gi\u1ea3i ph\u00e1p an to\u00e0n v\u00e0 hi\u1ec7u qu\u1ea3 cho c\u00e1c c\u00f4ng tr\u00ecnh. V\u1edbi \u0111\u1ed9i ng\u0169 chuy\u00ean gia gi\u00e0u kinh nghi\u1ec7m, d\u1ecbch v\u1ee5 chuy\u00ean nghi\u1ec7p v\u00e0 cam k\u1ebft ch\u1ea5t l\u01b0\u1ee3ng, ch\u00fang t\u00f4i lu\u00f4n s\u1eb5n s\u00e0ng \u0111\u1ed3ng h\u00e0nh c\u00f9ng kh\u00e1ch h\u00e0ng \u0111\u1ec3 b\u1ea3o v\u1ec7 t\u00ednh m\u1ea1ng v\u00e0 t\u00e0i s\u1ea3n tr\u01b0\u1edbc nguy c\u01a1 ch\u00e1y n\u1ed5. H\u00e3y \u0111\u1ec3 \u0110\u1ea1i H\u1ea3i tr\u1edf th\u00e0nh \u0111\u1ed1i t\u00e1c tin c\u1eady c\u1ee7a b\u1ea1n trong vi\u1ec7c \u0111\u1ea3m b\u1ea3o an to\u00e0n ph\u00f2ng ch\u00e1y ch\u1eefa ch\u00e1y.<\/p>\n\n\n\n<p><\/p>\n","protected":false},"excerpt":{"rendered":"<p>L\u1ecbch s\u1eed h\u00ecnh th\u00e0nh Th\u00e0nh l\u1eadp 1998 : C\u00f4ng ty TNHH Th\u01b0\u01a1ng m\u1ea1i, \u0110\u1ea7u t\u01b0 v\u00e0 Ph\u00e1t tri\u1ec3n C\u00f4ng ngh\u1ec7 \u0110\u1ea1i H\u1ea3i N\u0103m 2016, c\u00f4ng ty chuy\u1ec3n \u0111\u1ed5i m\u00f4 h\u00ecnh th\u00e0nh C\u00f4ng ty C\u1ed5 ph\u1ea7n Th\u01b0\u01a1ng m\u1ea1i, \u0110\u1ea7u t\u01b0 v\u00e0 Ph\u00e1t tri\u1ec3n C\u00f4ng ngh\u1ec7 \u0110\u1ea1i H\u1ea3i (Dai Hai Traditec., JSC). [&hellip;]<\/p>\n","protected":false},"author":1,"featured_media":0,"parent":0,"menu_order":0,"comment_status":"closed","ping_status":"closed","template":"","meta":{"footnotes":""},"class_list":["post-300","page","type-page","status-publish","hentry"],"jetpack_sharing_enabled":true,"_links":{"self":[{"href":"https:\/\/daihai.com.vn\/index.php?rest_route=\/wp\/v2\/pages\/300","targetHints":{"allow":["GET"]}}],"collection":[{"href":"https:\/\/daihai.com.vn\/index.php?rest_route=\/wp\/v2\/pages"}],"about":[{"href":"https:\/\/daihai.com.vn\/index.php?rest_route=\/wp\/v2\/types\/page"}],"author":[{"embeddable":true,"href":"https:\/\/daihai.com.vn\/index.php?rest_route=\/wp\/v2\/users\/1"}],"replies":[{"embeddable":true,"href":"https:\/\/daihai.com.vn\/index.php?rest_route=%2Fwp%2Fv2%2Fcomments&post=300"}],"version-history":[{"count":3,"href":"https:\/\/daihai.com.vn\/index.php?rest_route=\/wp\/v2\/pages\/300\/revisions"}],"predecessor-version":[{"id":356,"href":"https:\/\/daihai.com.vn\/index.php?rest_route=\/wp\/v2\/pages\/300\/revisions\/356"}],"wp:attachment":[{"href":"https:\/\/daihai.com.vn\/index.php?rest_route=%2Fwp%2Fv2%2Fmedia&parent=300"}],"curies":[{"name":"wp","href":"https:\/\/api.w.org\/{rel}","templated":true}]}}