{"id":106,"date":"2024-07-26T10:51:45","date_gmt":"2024-07-26T10:51:45","guid":{"rendered":"http:\/\/daihai.com.vn\/?page_id=106"},"modified":"2024-08-06T09:23:24","modified_gmt":"2024-08-06T09:23:24","slug":"lien-he","status":"publish","type":"page","link":"https:\/\/daihai.com.vn\/?page_id=106","title":{"rendered":"Li\u00ean h\u1ec7"},"content":{"rendered":"\n<div class=\"wp-block-group is-vertical is-layout-flex wp-container-core-group-is-layout-8cf370e7 wp-block-group-is-layout-flex\">\n<div class=\"wp-block-group is-vertical is-layout-flex wp-container-core-group-is-layout-68afab4e wp-block-group-is-layout-flex\">\n<p><strong>C\u00d4NG TY C\u1ed4 PH\u1ea6N C\u00d4NG NGH\u1ec6 \u0110\u1ea0I H\u1ea2I<\/strong><\/p>\n\n\n\n<div class=\"wp-block-group is-vertical is-layout-flex wp-container-core-group-is-layout-8cf370e7 wp-block-group-is-layout-flex\">\n<p>\u0110\u1ecba ch\u1ec9 : S\u1ed1 30, LK16B3, L\u00e0ng Vi\u1ec7t Ki\u1ec1u Ch\u00e2u \u00c2u, M\u1ed7 Lao, H\u00e0 \u0110\u00f4ng, H\u00e0 N\u1ed9i<\/p>\n\n\n\n<p>S\u0110T: 024 632 76959<\/p>\n<\/div>\n<\/div>\n<\/div>\n\n\n\n<iframe src=\"https:\/\/www.google.com\/maps\/embed?pb=!1m10!1m8!1m3!1d465.65287582567237!2d105.786953!3d20.983696!3m2!1i1024!2i768!4f13.1!5e0!3m2!1svi!2sus!4v1722436863313!5m2!1svi!2sus\" width=\"400\" height=\"400\" style=\"border:0;\" allowfullscreen=\"\" loading=\"lazy\" referrerpolicy=\"no-referrer-when-downgrade\"><\/iframe>\n","protected":false},"excerpt":{"rendered":"<p>C\u00d4NG TY C\u1ed4 PH\u1ea6N C\u00d4NG NGH\u1ec6 \u0110\u1ea0I H\u1ea2I \u0110\u1ecba ch\u1ec9 : S\u1ed1 30, LK16B3, L\u00e0ng Vi\u1ec7t Ki\u1ec1u Ch\u00e2u \u00c2u, M\u1ed7 Lao, H\u00e0 \u0110\u00f4ng, H\u00e0 N\u1ed9i S\u0110T: 024 632 76959<\/p>\n","protected":false},"author":1,"featured_media":0,"parent":0,"menu_order":0,"comment_status":"closed","ping_status":"closed","template":"","meta":{"footnotes":""},"class_list":["post-106","page","type-page","status-publish","hentry"],"jetpack_sharing_enabled":true,"_links":{"self":[{"href":"https:\/\/daihai.com.vn\/index.php?rest_route=\/wp\/v2\/pages\/106","targetHints":{"allow":["GET"]}}],"collection":[{"href":"https:\/\/daihai.com.vn\/index.php?rest_route=\/wp\/v2\/pages"}],"about":[{"href":"https:\/\/daihai.com.vn\/index.php?rest_route=\/wp\/v2\/types\/page"}],"author":[{"embeddable":true,"href":"https:\/\/daihai.com.vn\/index.php?rest_route=\/wp\/v2\/users\/1"}],"replies":[{"embeddable":true,"href":"https:\/\/daihai.com.vn\/index.php?rest_route=%2Fwp%2Fv2%2Fcomments&post=106"}],"version-history":[{"count":12,"href":"https:\/\/daihai.com.vn\/index.php?rest_route=\/wp\/v2\/pages\/106\/revisions"}],"predecessor-version":[{"id":350,"href":"https:\/\/daihai.com.vn\/index.php?rest_route=\/wp\/v2\/pages\/106\/revisions\/350"}],"wp:attachment":[{"href":"https:\/\/daihai.com.vn\/index.php?rest_route=%2Fwp%2Fv2%2Fmedia&parent=106"}],"curies":[{"name":"wp","href":"https:\/\/api.w.org\/{rel}","templated":true}]}}